{"id":1034,"date":"2023-04-24T18:48:46","date_gmt":"2023-04-24T18:48:46","guid":{"rendered":"http:\/\/jdsysteme.fr\/1681935641695\/?page_id=1034"},"modified":"2023-06-17T15:48:48","modified_gmt":"2023-06-17T15:48:48","slug":"nos-produits","status":"publish","type":"page","link":"https:\/\/jdsysteme.fr\/?page_id=1034","title":{"rendered":"Nos produits"},"content":{"rendered":"\t\t<div data-elementor-type=\"wp-page\" data-elementor-id=\"1034\" class=\"elementor elementor-1034\">\n\t\t\t\t\t\t<div class=\"elementor-inner\">\n\t\t\t\t<div class=\"elementor-section-wrap\">\n\t\t\t\t\t\t\t\t\t<section class=\"elementor-section elementor-top-section elementor-element elementor-element-f3d0729 elementor-section-full_width elementor-section-height-default elementor-section-height-default\" data-id=\"f3d0729\" data-element_type=\"section\">\n\t\t\t\t\t\t<div class=\"elementor-container elementor-column-gap-default\">\n\t\t\t\t\t\t\t<div class=\"elementor-row\">\n\t\t\t\t\t<div class=\"elementor-column elementor-col-33 elementor-top-column elementor-element elementor-element-34d0d84\" data-id=\"34d0d84\" data-element_type=\"column\">\n\t\t\t<div class=\"elementor-column-wrap elementor-element-populated\">\n\t\t\t\t\t\t\t<div class=\"elementor-widget-wrap\">\n\t\t\t\t\t\t<div class=\"elementor-element elementor-element-4ef6287 elementor-widget elementor-widget-heading\" data-id=\"4ef6287\" data-element_type=\"widget\" data-widget_type=\"heading.default\">\n\t\t\t\t<div class=\"elementor-widget-container\">\n\t\t\t<h2 class=\"elementor-heading-title elementor-size-default\">Croisillons \u00e0 vis<\/h2>\t\t<\/div>\n\t\t\t\t<\/div>\n\t\t\t\t\t\t<\/div>\n\t\t\t\t\t<\/div>\n\t\t<\/div>\n\t\t\t\t<div class=\"elementor-column elementor-col-66 elementor-top-column elementor-element elementor-element-d0fbbda elementor-hidden-mobile\" data-id=\"d0fbbda\" data-element_type=\"column\">\n\t\t\t<div class=\"elementor-column-wrap\">\n\t\t\t\t\t\t\t<div class=\"elementor-widget-wrap\">\n\t\t\t\t\t\t\t\t<\/div>\n\t\t\t\t\t<\/div>\n\t\t<\/div>\n\t\t\t\t\t\t\t\t<\/div>\n\t\t\t\t\t<\/div>\n\t\t<\/section>\n\t\t\t\t<section class=\"elementor-section elementor-top-section elementor-element elementor-element-09dd06a elementor-section-boxed elementor-section-height-default elementor-section-height-default\" data-id=\"09dd06a\" data-element_type=\"section\">\n\t\t\t\t\t\t<div class=\"elementor-container elementor-column-gap-default\">\n\t\t\t\t\t\t\t<div class=\"elementor-row\">\n\t\t\t\t\t<div class=\"elementor-column elementor-col-50 elementor-top-column elementor-element elementor-element-3c63eba elementor-hidden-mobile\" data-id=\"3c63eba\" data-element_type=\"column\">\n\t\t\t<div class=\"elementor-column-wrap\">\n\t\t\t\t\t\t\t<div class=\"elementor-widget-wrap\">\n\t\t\t\t\t\t\t\t<\/div>\n\t\t\t\t\t<\/div>\n\t\t<\/div>\n\t\t\t\t<div class=\"elementor-column elementor-col-50 elementor-top-column elementor-element elementor-element-b147735\" data-id=\"b147735\" data-element_type=\"column\">\n\t\t\t<div class=\"elementor-column-wrap elementor-element-populated\">\n\t\t\t\t\t\t\t<div class=\"elementor-widget-wrap\">\n\t\t\t\t\t\t<div class=\"elementor-element elementor-element-4eea37e elementor-widget elementor-widget-shortcode\" data-id=\"4eea37e\" data-element_type=\"widget\" data-widget_type=\"shortcode.default\">\n\t\t\t\t<div class=\"elementor-widget-container\">\n\t\t\t\t\t<div class=\"elementor-shortcode\">\t\t\t<style>\r\n                #foogallery-gallery-1430.fg-justified .fg-item {\r\n                    margin-right: 20px;\r\n                    margin-bottom: 20px;\r\n                }\r\n\r\n                #foogallery-gallery-1430.fg-justified .fg-image {\r\n                    height: 300px;\r\n                }\r\n\t\t\t<\/style>\r\n\t\t\t<div class=\"foogallery foogallery-container foogallery-justified foogallery-lightbox-foobox fg-justified fg-dark fg-shadow-outline fg-loading-default fg-loaded-slide-up fg-caption-always fg-hover-instant fg-c-c fg-ready\" id=\"foogallery-gallery-1430\" data-foogallery=\"{&quot;item&quot;:{&quot;showCaptionTitle&quot;:true,&quot;showCaptionDescription&quot;:true},&quot;lazy&quot;:true,&quot;template&quot;:{&quot;rowHeight&quot;:300,&quot;maxRowHeight&quot;:300,&quot;margins&quot;:20,&quot;align&quot;:&quot;center&quot;,&quot;lastRow&quot;:&quot;smart&quot;}}\" >\r\n\t<div class=\"fg-item fg-type-image fg-idle\"><figure class=\"fg-item-inner\"><a href=\"http:\/\/jdsysteme.fr\/?page_id=1722\" target=\"_self\" data-caption-title=\"Croisillons \u00e0 vis\" data-caption-desc=\"Pour carreaux de 3 \u00e0 15 mm d&#039;\u00e9paisseur\" data-attachment-id=\"1662\" class=\"fg-thumb\"><span class=\"fg-image-wrap\"><img decoding=\"async\" title=\"Pour carreaux de 3 \u00e0 15 mm d&#039;\u00e9paisseur\" height=\"300\" width=\"227\" class=\"skip-lazy fg-image\" data-src-fg=\"https:\/\/jdsysteme.fr\/wp-content\/uploads\/cache\/2023\/06\/crois-caption\/3626200283.png\" src=\"data:image\/svg+xml,%3Csvg%20xmlns%3D%22http%3A%2F%2Fwww.w3.org%2F2000%2Fsvg%22%20width%3D%22227%22%20height%3D%22300%22%20viewBox%3D%220%200%20227%20300%22%3E%3C%2Fsvg%3E\" loading=\"eager\"><\/span><span class=\"fg-image-overlay\"><\/span><\/a><figcaption class=\"fg-caption\"><div class=\"fg-caption-inner\"><div class=\"fg-caption-title\">Croisillons \u00e0 vis<\/div><div class=\"fg-caption-desc\">Pour carreaux de 3 \u00e0 15 mm d'\u00e9paisseur<\/div><\/div><\/figcaption><\/figure><div class=\"fg-loader\"><\/div><\/div><div class=\"fg-item fg-type-image fg-idle\"><figure class=\"fg-item-inner\"><a href=\"http:\/\/jdsysteme.fr\/?page_id=1714\" target=\"_self\" data-caption-title=\"Croisillons \u00e0 vis\" data-caption-desc=\"Pour carreaux de 8 \u00e0 25 mm d&#039;\u00e9paisseur\" data-attachment-id=\"1663\" class=\"fg-thumb\"><span class=\"fg-image-wrap\"><img decoding=\"async\" title=\"Pour carreaux de 8 \u00e0 25 mm d&#039;\u00e9paisseur\" height=\"300\" width=\"227\" class=\"skip-lazy fg-image\" data-src-fg=\"https:\/\/jdsysteme.fr\/wp-content\/uploads\/cache\/2023\/06\/crois825-caption\/159202732.png\" src=\"data:image\/svg+xml,%3Csvg%20xmlns%3D%22http%3A%2F%2Fwww.w3.org%2F2000%2Fsvg%22%20width%3D%22227%22%20height%3D%22300%22%20viewBox%3D%220%200%20227%20300%22%3E%3C%2Fsvg%3E\" loading=\"eager\"><\/span><span class=\"fg-image-overlay\"><\/span><\/a><figcaption class=\"fg-caption\"><div class=\"fg-caption-inner\"><div class=\"fg-caption-title\">Croisillons \u00e0 vis<\/div><div class=\"fg-caption-desc\">Pour carreaux de 8 \u00e0 25 mm d'\u00e9paisseur<\/div><\/div><\/figcaption><\/figure><div class=\"fg-loader\"><\/div><\/div><div class=\"fg-item fg-type-image fg-idle\"><figure class=\"fg-item-inner\"><a href=\"http:\/\/jdsysteme.fr\/?page_id=1709\" target=\"_self\" data-caption-title=\"\u00c9crous\" data-attachment-id=\"1665\" class=\"fg-thumb\"><span class=\"fg-image-wrap\"><img decoding=\"async\" height=\"300\" width=\"227\" class=\"skip-lazy fg-image\" data-src-fg=\"https:\/\/jdsysteme.fr\/wp-content\/uploads\/cache\/2023\/06\/ecrou-caption\/2258559586.png\" src=\"data:image\/svg+xml,%3Csvg%20xmlns%3D%22http%3A%2F%2Fwww.w3.org%2F2000%2Fsvg%22%20width%3D%22227%22%20height%3D%22300%22%20viewBox%3D%220%200%20227%20300%22%3E%3C%2Fsvg%3E\" loading=\"eager\"><\/span><span class=\"fg-image-overlay\"><\/span><\/a><figcaption class=\"fg-caption\"><div class=\"fg-caption-inner\"><div class=\"fg-caption-title\">\u00c9crous<\/div><\/div><\/figcaption><\/figure><div class=\"fg-loader\"><\/div><\/div><div class=\"fg-item fg-type-image fg-idle\"><figure class=\"fg-item-inner\"><a href=\"http:\/\/jdsysteme.fr\/?page_id=999\" target=\"_self\" data-caption-title=\"Kit autonivelant\" data-caption-desc=\"Croisillons et \u00e9crous\" data-attachment-id=\"1667\" class=\"fg-thumb\"><span class=\"fg-image-wrap\"><img decoding=\"async\" title=\"Croisillons et \u00e9crous\" height=\"300\" width=\"227\" class=\"skip-lazy fg-image\" data-src-fg=\"https:\/\/jdsysteme.fr\/wp-content\/uploads\/cache\/2023\/06\/kit-caption\/3639103062.png\" src=\"data:image\/svg+xml,%3Csvg%20xmlns%3D%22http%3A%2F%2Fwww.w3.org%2F2000%2Fsvg%22%20width%3D%22227%22%20height%3D%22300%22%20viewBox%3D%220%200%20227%20300%22%3E%3C%2Fsvg%3E\" loading=\"eager\"><\/span><span class=\"fg-image-overlay\"><\/span><\/a><figcaption class=\"fg-caption\"><div class=\"fg-caption-inner\"><div class=\"fg-caption-title\">Kit autonivelant<\/div><div class=\"fg-caption-desc\">Croisillons et \u00e9crous<\/div><\/div><\/figcaption><\/figure><div class=\"fg-loader\"><\/div><\/div><\/div>\r\n<style type=\"text\/css\">.fg-item-inner {\r\nbackground-color: #18407c;\r\n}\r\n\r\n.foogallery .fg-caption {\r\nbackground-color:#e2201f;\r\nfont-family: josefin sans;\r\nfont-style:normal;\r\npadding-top: 5px;\r\npadding-bottom:5px;\r\n}\r\n.fg-thumb:hover + .fg-caption {\r\ntransform: scale(1.1);\r\n} \r\n\r\n\r\n.foogallery .fg-loaded .fg-image {\r\npadding-bottom:30px;\r\n}\r\n\r\n.foogallery.fg-dark.fg-shadow-outline .fg-item-inner {\r\n  box-shadow: none;\r\n}\r\n\r\n.foogallery .fg-image-overlay {\r\n  background-color: #18407c;\r\n  opacity: 0.5;\r\n  color: #fff;\r\n}\r\n\r\n .foogallery.fg-hover-instant .fg-loaded .fg-item-inner:hover .fg-image-overlay {\r\n  visibility: visible;\r\n  opacity: 0.5;\r\n}\r\n.jtg-title {\r\npadding-right:none !important;\r\n}<\/style><\/div>\n\t\t\t\t<\/div>\n\t\t\t\t<\/div>\n\t\t\t\t\t\t<\/div>\n\t\t\t\t\t<\/div>\n\t\t<\/div>\n\t\t\t\t\t\t\t\t<\/div>\n\t\t\t\t\t<\/div>\n\t\t<\/section>\n\t\t\t\t<section class=\"elementor-section elementor-top-section elementor-element elementor-element-304d5af elementor-section-full_width elementor-section-height-default elementor-section-height-default\" data-id=\"304d5af\" data-element_type=\"section\">\n\t\t\t\t\t\t<div class=\"elementor-container elementor-column-gap-default\">\n\t\t\t\t\t\t\t<div class=\"elementor-row\">\n\t\t\t\t\t<div class=\"elementor-column elementor-col-33 elementor-top-column elementor-element elementor-element-75f02f6\" data-id=\"75f02f6\" data-element_type=\"column\">\n\t\t\t<div class=\"elementor-column-wrap elementor-element-populated\">\n\t\t\t\t\t\t\t<div class=\"elementor-widget-wrap\">\n\t\t\t\t\t\t<div class=\"elementor-element elementor-element-cc27ac2 elementor-widget elementor-widget-heading\" data-id=\"cc27ac2\" data-element_type=\"widget\" data-widget_type=\"heading.default\">\n\t\t\t\t<div class=\"elementor-widget-container\">\n\t\t\t<h2 class=\"elementor-heading-title elementor-size-default\">croisillons \u00e0 cales<\/h2>\t\t<\/div>\n\t\t\t\t<\/div>\n\t\t\t\t\t\t<\/div>\n\t\t\t\t\t<\/div>\n\t\t<\/div>\n\t\t\t\t<div class=\"elementor-column elementor-col-66 elementor-top-column elementor-element elementor-element-29e86af elementor-hidden-mobile\" data-id=\"29e86af\" data-element_type=\"column\">\n\t\t\t<div class=\"elementor-column-wrap\">\n\t\t\t\t\t\t\t<div class=\"elementor-widget-wrap\">\n\t\t\t\t\t\t\t\t<\/div>\n\t\t\t\t\t<\/div>\n\t\t<\/div>\n\t\t\t\t\t\t\t\t<\/div>\n\t\t\t\t\t<\/div>\n\t\t<\/section>\n\t\t\t\t<section class=\"elementor-section elementor-top-section elementor-element elementor-element-3c9e810 elementor-section-boxed elementor-section-height-default elementor-section-height-default\" data-id=\"3c9e810\" data-element_type=\"section\">\n\t\t\t\t\t\t<div class=\"elementor-container elementor-column-gap-default\">\n\t\t\t\t\t\t\t<div class=\"elementor-row\">\n\t\t\t\t\t<div class=\"elementor-column elementor-col-50 elementor-top-column elementor-element elementor-element-032c7c7 elementor-hidden-mobile\" data-id=\"032c7c7\" data-element_type=\"column\">\n\t\t\t<div class=\"elementor-column-wrap\">\n\t\t\t\t\t\t\t<div class=\"elementor-widget-wrap\">\n\t\t\t\t\t\t\t\t<\/div>\n\t\t\t\t\t<\/div>\n\t\t<\/div>\n\t\t\t\t<div class=\"elementor-column elementor-col-50 elementor-top-column elementor-element elementor-element-434a208\" data-id=\"434a208\" data-element_type=\"column\">\n\t\t\t<div class=\"elementor-column-wrap elementor-element-populated\">\n\t\t\t\t\t\t\t<div class=\"elementor-widget-wrap\">\n\t\t\t\t\t\t<div class=\"elementor-element elementor-element-8675102 elementor-widget elementor-widget-shortcode\" data-id=\"8675102\" data-element_type=\"widget\" data-widget_type=\"shortcode.default\">\n\t\t\t\t<div class=\"elementor-widget-container\">\n\t\t\t\t\t<div class=\"elementor-shortcode\">\t\t\t<style>\r\n                #foogallery-gallery-1439.fg-justified .fg-item {\r\n                    margin-right: 20px;\r\n                    margin-bottom: 20px;\r\n                }\r\n\r\n                #foogallery-gallery-1439.fg-justified .fg-image {\r\n                    height: 300px;\r\n                }\r\n\t\t\t<\/style>\r\n\t\t\t<div class=\"foogallery foogallery-container foogallery-justified foogallery-lightbox-foobox fg-justified fg-dark fg-shadow-outline fg-loading-default fg-loaded-slide-up fg-caption-always fg-hover-instant fg-c-c fg-ready\" id=\"foogallery-gallery-1439\" data-foogallery=\"{&quot;item&quot;:{&quot;showCaptionTitle&quot;:true,&quot;showCaptionDescription&quot;:true},&quot;lazy&quot;:true,&quot;template&quot;:{&quot;rowHeight&quot;:300,&quot;maxRowHeight&quot;:300,&quot;margins&quot;:20,&quot;align&quot;:&quot;center&quot;,&quot;lastRow&quot;:&quot;smart&quot;}}\" >\r\n\t<div class=\"fg-item fg-type-image fg-idle\"><figure class=\"fg-item-inner\"><a href=\"http:\/\/jdsysteme.fr\/?page_id=1745\" target=\"_self\" data-caption-title=\"Cales\" data-caption-desc=\"compatibles tous croisillons\" data-attachment-id=\"1660\" class=\"fg-thumb\"><span class=\"fg-image-wrap\"><img decoding=\"async\" title=\"compatibles tous croisillons\" height=\"300\" width=\"227\" class=\"skip-lazy fg-image\" data-src-fg=\"https:\/\/jdsysteme.fr\/wp-content\/uploads\/cache\/2023\/06\/cale-caption\/3002550819.png\" src=\"data:image\/svg+xml,%3Csvg%20xmlns%3D%22http%3A%2F%2Fwww.w3.org%2F2000%2Fsvg%22%20width%3D%22227%22%20height%3D%22300%22%20viewBox%3D%220%200%20227%20300%22%3E%3C%2Fsvg%3E\" loading=\"eager\"><\/span><span class=\"fg-image-overlay\"><\/span><\/a><figcaption class=\"fg-caption\"><div class=\"fg-caption-inner\"><div class=\"fg-caption-title\">Cales<\/div><div class=\"fg-caption-desc\">compatibles tous croisillons<\/div><\/div><\/figcaption><\/figure><div class=\"fg-loader\"><\/div><\/div><div class=\"fg-item fg-type-image fg-idle\"><figure class=\"fg-item-inner\"><a href=\"http:\/\/jdsysteme.fr\/?page_id=1750\" target=\"_self\" data-caption-title=\"Croisillons \u00e0 cales\" data-caption-desc=\"pour carreaux de 6 \u00e0 15 mm\" data-attachment-id=\"1664\" class=\"fg-thumb\"><span class=\"fg-image-wrap\"><img decoding=\"async\" title=\"pour carreaux de 6 \u00e0 15 mm\" height=\"300\" width=\"227\" class=\"skip-lazy fg-image\" data-src-fg=\"https:\/\/jdsysteme.fr\/wp-content\/uploads\/cache\/2023\/06\/croiscale2mm-caption\/885598411.png\" src=\"data:image\/svg+xml,%3Csvg%20xmlns%3D%22http%3A%2F%2Fwww.w3.org%2F2000%2Fsvg%22%20width%3D%22227%22%20height%3D%22300%22%20viewBox%3D%220%200%20227%20300%22%3E%3C%2Fsvg%3E\" loading=\"eager\"><\/span><span class=\"fg-image-overlay\"><\/span><\/a><figcaption class=\"fg-caption\"><div class=\"fg-caption-inner\"><div class=\"fg-caption-title\">Croisillons \u00e0 cales<\/div><div class=\"fg-caption-desc\">pour carreaux de 6 \u00e0 15 mm<\/div><\/div><\/figcaption><\/figure><div class=\"fg-loader\"><\/div><\/div><\/div>\r\n<style type=\"text\/css\">.fg-item-inner {\r\nbackground-color: #18407c;\r\n}\r\n\r\n.foogallery .fg-caption {\r\nbackground-color:#e2201f;\r\nfont-family: josefin sans;\r\nfont-style:normal;\r\npadding-top: 5px;\r\npadding-bottom:5px;\r\n}\r\n.fg-thumb:hover + .fg-caption {\r\ntransform: scale(1.1);\r\n} \r\n\r\n\r\n.foogallery .fg-loaded .fg-image {\r\npadding-bottom:30px;\r\n}\r\n\r\n.foogallery.fg-dark.fg-shadow-outline .fg-item-inner {\r\n  box-shadow: none;\r\n}\r\n\r\n.foogallery .fg-image-overlay {\r\n  background-color: #18407c;\r\n  opacity: 0.5;\r\n  color: #fff;\r\n}\r\n\r\n .foogallery.fg-hover-instant .fg-loaded .fg-item-inner:hover .fg-image-overlay {\r\n  visibility: visible;\r\n  opacity: 0.5;\r\n}<\/style><\/div>\n\t\t\t\t<\/div>\n\t\t\t\t<\/div>\n\t\t\t\t\t\t<\/div>\n\t\t\t\t\t<\/div>\n\t\t<\/div>\n\t\t\t\t\t\t\t\t<\/div>\n\t\t\t\t\t<\/div>\n\t\t<\/section>\n\t\t\t\t<section class=\"elementor-section elementor-top-section elementor-element elementor-element-4f09591 elementor-section-full_width elementor-section-height-default elementor-section-height-default\" data-id=\"4f09591\" data-element_type=\"section\">\n\t\t\t\t\t\t<div class=\"elementor-container elementor-column-gap-default\">\n\t\t\t\t\t\t\t<div class=\"elementor-row\">\n\t\t\t\t\t<div class=\"elementor-column elementor-col-33 elementor-top-column elementor-element elementor-element-bc5af8b\" data-id=\"bc5af8b\" data-element_type=\"column\">\n\t\t\t<div class=\"elementor-column-wrap elementor-element-populated\">\n\t\t\t\t\t\t\t<div class=\"elementor-widget-wrap\">\n\t\t\t\t\t\t<div class=\"elementor-element elementor-element-de1bd77 elementor-widget elementor-widget-heading\" data-id=\"de1bd77\" data-element_type=\"widget\" data-widget_type=\"heading.default\">\n\t\t\t\t<div class=\"elementor-widget-container\">\n\t\t\t<h2 class=\"elementor-heading-title elementor-size-default\">Fers \u00e0 cheval pour fa\u00efence<\/h2>\t\t<\/div>\n\t\t\t\t<\/div>\n\t\t\t\t\t\t<\/div>\n\t\t\t\t\t<\/div>\n\t\t<\/div>\n\t\t\t\t<div class=\"elementor-column elementor-col-66 elementor-top-column elementor-element elementor-element-0a0a8f2 elementor-hidden-mobile\" data-id=\"0a0a8f2\" data-element_type=\"column\">\n\t\t\t<div class=\"elementor-column-wrap\">\n\t\t\t\t\t\t\t<div class=\"elementor-widget-wrap\">\n\t\t\t\t\t\t\t\t<\/div>\n\t\t\t\t\t<\/div>\n\t\t<\/div>\n\t\t\t\t\t\t\t\t<\/div>\n\t\t\t\t\t<\/div>\n\t\t<\/section>\n\t\t\t\t<section class=\"elementor-section elementor-top-section elementor-element elementor-element-4d54755 elementor-section-boxed elementor-section-height-default elementor-section-height-default\" data-id=\"4d54755\" data-element_type=\"section\">\n\t\t\t\t\t\t<div class=\"elementor-container elementor-column-gap-default\">\n\t\t\t\t\t\t\t<div class=\"elementor-row\">\n\t\t\t\t\t<div class=\"elementor-column elementor-col-50 elementor-top-column elementor-element elementor-element-b9b4a61 elementor-hidden-mobile\" data-id=\"b9b4a61\" data-element_type=\"column\">\n\t\t\t<div class=\"elementor-column-wrap\">\n\t\t\t\t\t\t\t<div class=\"elementor-widget-wrap\">\n\t\t\t\t\t\t\t\t<\/div>\n\t\t\t\t\t<\/div>\n\t\t<\/div>\n\t\t\t\t<div class=\"elementor-column elementor-col-50 elementor-top-column elementor-element elementor-element-52571b0\" data-id=\"52571b0\" data-element_type=\"column\">\n\t\t\t<div class=\"elementor-column-wrap elementor-element-populated\">\n\t\t\t\t\t\t\t<div class=\"elementor-widget-wrap\">\n\t\t\t\t\t\t<div class=\"elementor-element elementor-element-8e88e53 elementor-widget elementor-widget-shortcode\" data-id=\"8e88e53\" data-element_type=\"widget\" data-widget_type=\"shortcode.default\">\n\t\t\t\t<div class=\"elementor-widget-container\">\n\t\t\t\t\t<div class=\"elementor-shortcode\">\t\t\t<style>\r\n                #foogallery-gallery-1440.fg-justified .fg-item {\r\n                    margin-right: 20px;\r\n                    margin-bottom: 20px;\r\n                }\r\n\r\n                #foogallery-gallery-1440.fg-justified .fg-image {\r\n                    height: 300px;\r\n                }\r\n\t\t\t<\/style>\r\n\t\t\t<div class=\"foogallery foogallery-container foogallery-justified foogallery-lightbox-foobox fg-justified fg-dark fg-shadow-outline fg-loading-default fg-loaded-slide-up fg-caption-always fg-hover-instant fg-c-c fg-ready\" id=\"foogallery-gallery-1440\" data-foogallery=\"{&quot;item&quot;:{&quot;showCaptionTitle&quot;:true,&quot;showCaptionDescription&quot;:true},&quot;lazy&quot;:true,&quot;template&quot;:{&quot;rowHeight&quot;:300,&quot;maxRowHeight&quot;:300,&quot;margins&quot;:20,&quot;align&quot;:&quot;center&quot;,&quot;lastRow&quot;:&quot;smart&quot;}}\" >\r\n\t<div class=\"fg-item fg-type-image fg-idle\"><figure class=\"fg-item-inner\"><a href=\"http:\/\/jdsysteme.fr\/?page_id=1755\" target=\"_self\" data-caption-title=\"Entretoise\" data-caption-desc=\"fer \u00e0 cheval\" data-attachment-id=\"1666\" class=\"fg-thumb\"><span class=\"fg-image-wrap\"><img decoding=\"async\" title=\"fer \u00e0 cheval\" height=\"300\" width=\"227\" class=\"skip-lazy fg-image\" data-src-fg=\"https:\/\/jdsysteme.fr\/wp-content\/uploads\/cache\/2023\/06\/fer-caption\/3399617361.png\" src=\"data:image\/svg+xml,%3Csvg%20xmlns%3D%22http%3A%2F%2Fwww.w3.org%2F2000%2Fsvg%22%20width%3D%22227%22%20height%3D%22300%22%20viewBox%3D%220%200%20227%20300%22%3E%3C%2Fsvg%3E\" loading=\"eager\"><\/span><span class=\"fg-image-overlay\"><\/span><\/a><figcaption class=\"fg-caption\"><div class=\"fg-caption-inner\"><div class=\"fg-caption-title\">Entretoise<\/div><div class=\"fg-caption-desc\">fer \u00e0 cheval<\/div><\/div><\/figcaption><\/figure><div class=\"fg-loader\"><\/div><\/div><\/div>\r\n<style type=\"text\/css\">.fg-item-inner {\r\nbackground-color: #18407c;\r\n}\r\n\r\n.foogallery .fg-caption {\r\nbackground-color:#e2201f;\r\nfont-family: josefin sans;\r\nfont-style:normal;\r\npadding-top: 5px;\r\npadding-bottom:5px;\r\n}\r\n.fg-thumb:hover + .fg-caption {\r\ntransform: scale(1.1);\r\n} \r\n\r\n\r\n.foogallery .fg-loaded .fg-image {\r\npadding-bottom:30px;\r\n}\r\n\r\n.foogallery.fg-dark.fg-shadow-outline .fg-item-inner {\r\n  box-shadow: none;\r\n}\r\n\r\n.foogallery .fg-image-overlay {\r\n  background-color: #18407c;\r\n  opacity: 0.5;\r\n  color: #fff;\r\n}\r\n\r\n .foogallery.fg-hover-instant .fg-loaded .fg-item-inner:hover .fg-image-overlay {\r\n  visibility: visible;\r\n  opacity: 0.5;\r\n}<\/style><\/div>\n\t\t\t\t<\/div>\n\t\t\t\t<\/div>\n\t\t\t\t\t\t<\/div>\n\t\t\t\t\t<\/div>\n\t\t<\/div>\n\t\t\t\t\t\t\t\t<\/div>\n\t\t\t\t\t<\/div>\n\t\t<\/section>\n\t\t\t\t\t\t\t\t\t<\/div>\n\t\t\t<\/div>\n\t\t\t\t\t<\/div>\n\t\t","protected":false},"excerpt":{"rendered":"<p>Croisillons \u00e0 vis croisillons \u00e0 cales Fers \u00e0 cheval pour fa\u00efence<\/p>\n","protected":false},"author":3,"featured_media":0,"parent":1066,"menu_order":0,"comment_status":"closed","ping_status":"closed","template":"elementor_header_footer","meta":[],"_links":{"self":[{"href":"https:\/\/jdsysteme.fr\/index.php?rest_route=\/wp\/v2\/pages\/1034"}],"collection":[{"href":"https:\/\/jdsysteme.fr\/index.php?rest_route=\/wp\/v2\/pages"}],"about":[{"href":"https:\/\/jdsysteme.fr\/index.php?rest_route=\/wp\/v2\/types\/page"}],"author":[{"embeddable":true,"href":"https:\/\/jdsysteme.fr\/index.php?rest_route=\/wp\/v2\/users\/3"}],"replies":[{"embeddable":true,"href":"https:\/\/jdsysteme.fr\/index.php?rest_route=%2Fwp%2Fv2%2Fcomments&post=1034"}],"version-history":[{"count":43,"href":"https:\/\/jdsysteme.fr\/index.php?rest_route=\/wp\/v2\/pages\/1034\/revisions"}],"predecessor-version":[{"id":1829,"href":"https:\/\/jdsysteme.fr\/index.php?rest_route=\/wp\/v2\/pages\/1034\/revisions\/1829"}],"up":[{"embeddable":true,"href":"https:\/\/jdsysteme.fr\/index.php?rest_route=\/wp\/v2\/pages\/1066"}],"wp:attachment":[{"href":"https:\/\/jdsysteme.fr\/index.php?rest_route=%2Fwp%2Fv2%2Fmedia&parent=1034"}],"curies":[{"name":"wp","href":"https:\/\/api.w.org\/{rel}","templated":true}]}}